{"id":2559,"date":"2016-03-07T08:02:40","date_gmt":"2016-03-07T07:02:40","guid":{"rendered":"http:\/\/www.vergissmi.net\/?page_id=2559"},"modified":"2019-03-25T19:31:48","modified_gmt":"2019-03-25T18:31:48","slug":"sonnenseite-2016","status":"publish","type":"page","link":"https:\/\/www.vergissmi.net\/?page_id=2559","title":{"rendered":"WIEN-MONACO &#8211; Ein Sommer in den S\u00fcdalpen"},"content":{"rendered":"<h1 style=\"text-align: center;\">\u00dcber die Sonnenseite der Alpen<\/h1>\n<h4 style=\"text-align: center;\">Gesamtdurchquerung des s\u00fcdlichen Alpenkammes<\/h4>\n<p style=\"text-align: center;\">Projektvorstellung vom Fr\u00fchsommer 2016<\/p>\n<p>&nbsp;<\/p>\n<p>&nbsp;<\/p>\n<h2 style=\"text-align: left;\">Worum geht&#8217;s denn da \u00fcberhaupt?<\/h2>\n<p style=\"text-align: justify;\">Ich schreibe gern \u00fcbers Leben drau\u00dfen. Und bin, wenn es um die heimische Bergwelt geht, auch ziemlich gut informiert. Vor allem die Langstrecken in der &gt;300km-Klasse kenne ich alle <a href=\"https:\/\/www.vergissmi.net\/?page_id=2185\">pers\u00f6nlich<\/a>. Dass die Alpen westlich von Vorarlberg noch ein St\u00fcckchen weitergehen &#8211; auch das wei\u00df ich. Wie weit das allerdings genau ist &#8230; dazu fehlt mir das n\u00f6tige Vorstellungsverm\u00f6gen. Sicherlich, ich kann mit beeindruckenden Kilometerzahlen und unfassbaren H\u00f6henmetern aufwarten. Und mit Wissen, das ich bei <a href=\"http:\/\/www.bruckmann.de\/autor-5121-mark_zahel_28.html\" target=\"_blank\" rel=\"noopener noreferrer\">Mark Zahel<\/a> geklaut habe, \u00fcber Schweizer Viertausender fachsimpeln. Aber was es wirklich hei\u00dft, daheim im Vorzimmer den Rucksack zu schultern, um sich vier Monate sp\u00e4ter dar\u00fcber zu freuen, dass man an der franz\u00f6sischen Mittelmeerk\u00fcste inzwischen akzentfrei ein Bier bestellen kann &#8230; also ich zumindest wei\u00df nicht, wie sich das anf\u00fchlt.<\/p>\n<p style=\"text-align: justify;\">Also schauen wir uns die Sache einmal an.<\/p>\n<p style=\"text-align: justify;\"><a href=\"https:\/\/www.vergissmi.net\/wp-content\/uploads\/2016\/03\/Portraitfotos-Martin-Marktl-01.jpg\" rel=\"attachment wp-att-2818\" rel=\"lightbox[2559]\"><img fetchpriority=\"high\" decoding=\"async\" class=\"aligncenter wp-image-2818\" src=\"https:\/\/www.vergissmi.net\/wp-content\/uploads\/2016\/03\/Portraitfotos-Martin-Marktl-01-600x800.jpg\" alt=\"Gr\u00fcner Rucksack, daneben ich\" width=\"281\" height=\"375\" srcset=\"https:\/\/www.vergissmi.net\/wp-content\/uploads\/2016\/03\/Portraitfotos-Martin-Marktl-01-600x800.jpg 600w, https:\/\/www.vergissmi.net\/wp-content\/uploads\/2016\/03\/Portraitfotos-Martin-Marktl-01-768x1024.jpg 768w, https:\/\/www.vergissmi.net\/wp-content\/uploads\/2016\/03\/Portraitfotos-Martin-Marktl-01.jpg 810w\" sizes=\"(max-width: 281px) 100vw, 281px\" \/><\/a><\/p>\n<p style=\"text-align: justify;\">Im Grunde war ich ja schon \u00fcberall, wo ich da heuer vorbeikomme. Also fast \u00fcberall. Allerdings nicht zu Fu\u00df, sondern mit dem Motorrad. Nie l\u00e4nger als einen Tag am selben Fleck &#8211; das hat mir einmal richtig viel Spa\u00df gemacht. Meiner Beobachtung nach g\u00f6nnen sich sehr viele Menschen dieses Vergn\u00fcgen sogar recht oft. Manchmal auch nur, um f\u00fcr <a href=\"https:\/\/www.youtube.com\/watch?v=aqMiFATuoE0\" target=\"_blank\" rel=\"noopener noreferrer\">ein Wochenende<\/a> in den S\u00fcden zu fahren. Inzwischen w\u00e4re mir das f\u00fcr so kurze Zeit viel zu weit. Wenn man allerdings ohnehin bereits irgendwo <em><span style=\"text-decoration: underline;\">ist<\/span><\/em>, dann spricht auch nichts dagegen, gleich eine kleine Wandertour anzuh\u00e4ngen. Heute mache ich das \u00fcberall, wo ich hinkomme, so. Wenn es sich nur irgendwie einrichten l\u00e4sst. Das gilt in den Franz\u00f6sischen Seealpen genauso wie in Wien.<\/p>\n<p style=\"text-align: justify;\">Hat man sich mit der Idee <em>&#8220;Wenn ich bereits in der Gegend bin, k\u00f6nnte ich ja gleich noch einen Tag anh\u00e4ngen&#8221;<\/em> erst einmal angefreundet, ist es zu meinem Sommerprojekt 2016 nicht mehr weit. Man muss diesen Plan nur t\u00e4glich ein wenig nach links verschieben. Und 100 Mal wiederholen.<\/p>\n<div id=\"attachment_3506\" style=\"width: 527px\" class=\"wp-caption aligncenter\"><a href=\"https:\/\/www.vergissmi.net\/wp-content\/uploads\/2016\/08\/20160810_091634_HDR-1024x576-2.jpg\" rel=\"lightbox[2559]\"><img decoding=\"async\" aria-describedby=\"caption-attachment-3506\" class=\"wp-image-3506\" src=\"https:\/\/www.vergissmi.net\/wp-content\/uploads\/2016\/08\/20160810_091634_HDR-1024x576-2-800x450.jpg\" alt=\"20160810_091634_HDR-1024x576\" width=\"517\" height=\"291\" srcset=\"https:\/\/www.vergissmi.net\/wp-content\/uploads\/2016\/08\/20160810_091634_HDR-1024x576-2-800x450.jpg 800w, https:\/\/www.vergissmi.net\/wp-content\/uploads\/2016\/08\/20160810_091634_HDR-1024x576-2.jpg 1024w\" sizes=\"(max-width: 517px) 100vw, 517px\" \/><\/a><p id=\"caption-attachment-3506\" class=\"wp-caption-text\">Vorbei am h\u00f6chsten ganzj\u00e4hrig bewohnten Dorf Europas (Juf, Schweiz).<\/p><\/div>\n<h2>Ein paar Zahlen<\/h2>\n<ul>\n<li style=\"text-align: justify;\">Die Wegl\u00e4nge betr\u00e4gt rund <b>2000 Kilometer. <\/b>Je nach Auswertungssoftware komme ich auf einen geringf\u00fcgig h\u00f6heren oder niedrigeren Kilometerstand &#8211; es ist auf alle F\u00e4lle f\u00fcr jeden was dabei.<b><br \/>\n<\/b><\/li>\n<\/ul>\n<ul>\n<li style=\"text-align: justify;\"><b>6 Alpenl\u00e4nder <\/b>(AT, SI, IT, CH, F, MC) sowie <b>19 Gebirgsgruppen <\/b>nach AVE\/SOIUSA werden von meiner selbstgebastelten Route durchquert. Wenn sich jemand mit <a href=\"https:\/\/de.wikipedia.org\/wiki\/Liste_der_Gebirgsgruppen_in_den_Ostalpen_%28nach_AVE%29\" target=\"_blank\" rel=\"noopener noreferrer\">AVE<\/a> und <a href=\"https:\/\/de.wikipedia.org\/wiki\/SOIUSA\" target=\"_blank\" rel=\"noopener noreferrer\">SOIUSA<\/a> nicht besch\u00e4ftigen m\u00f6chte, was ich verstehe, dann nur soviel: Auf der Alpens\u00fcdseite verlaufen Bergketten nicht (wie die meisten \u00f6sterreichischen Gebirgen) in West-Ost-Richtung, sondern immer genau quer zur Marschrichtung. So kommen auf der Tour ordentlich viele H\u00f6henmeter zusammen.<\/li>\n<\/ul>\n<div id=\"attachment_2842\" style=\"width: 247px\" class=\"wp-caption aligncenter\"><a href=\"https:\/\/www.vergissmi.net\/wp-content\/uploads\/2016\/03\/Karte_Grande_Traversata_delle_Alpi.png\" rel=\"attachment wp-att-2842\" rel=\"lightbox[2559]\"><img decoding=\"async\" aria-describedby=\"caption-attachment-2842\" class=\" wp-image-2842\" src=\"https:\/\/www.vergissmi.net\/wp-content\/uploads\/2016\/03\/Karte_Grande_Traversata_delle_Alpi-580x800.png\" alt=\"Italienische Querulanten\" width=\"237\" height=\"327\" srcset=\"https:\/\/www.vergissmi.net\/wp-content\/uploads\/2016\/03\/Karte_Grande_Traversata_delle_Alpi-580x800.png 580w, https:\/\/www.vergissmi.net\/wp-content\/uploads\/2016\/03\/Karte_Grande_Traversata_delle_Alpi-742x1024.png 742w, https:\/\/www.vergissmi.net\/wp-content\/uploads\/2016\/03\/Karte_Grande_Traversata_delle_Alpi.png 898w\" sizes=\"(max-width: 237px) 100vw, 237px\" \/><\/a><p id=\"caption-attachment-2842\" class=\"wp-caption-text\">Italienische Querulanten<\/p><\/div>\n<ul>\n<li style=\"text-align: justify;\">Unterwegs werden <b>vier Nationalparks<\/b> durchquert. W\u00e4hrend die einen ber\u00fchmte, klingende Namen haben (<a href=\"http:\/\/www.pngp.it\/de\" target=\"_blank\" rel=\"noopener noreferrer\">Gran Paradiso<\/a> &#8230;), kamen andere erst auf meine Watchlist, seit <a href=\"https:\/\/de.wikipedia.org\/wiki\/Werner_B%C3%A4tzing\" target=\"_blank\" rel=\"noopener noreferrer\">Werner B\u00e4tzing<\/a> davon erz\u00e4hlt hat (<a href=\"http:\/\/de.france.fr\/de\/sehenswert\/der-nationalpark-mercantour\" target=\"_blank\" rel=\"noopener noreferrer\">Mercantour<\/a>). Einige andere Stationen am Weg wurden zwar noch nicht zum Nationalpark geadelt, sind aber dennoch nicht ganz unbekannt (<a href=\"http:\/\/www.suedtirol.info\/Reiseziele--Aktivitaeten\/Wandern--Bergsteigen\/Naturparks\/detail\/1ac63ac4-72ef-4d7c-a3f3-4978704ddca7\/Naturpark-Drei-Zinnen.html\" target=\"_blank\" rel=\"noopener noreferrer\">Drei Zinnen<\/a>, <a href=\"https:\/\/www.sentres.com\/de\/rosengarten-latemar\/wandern\" target=\"_blank\" rel=\"noopener noreferrer\">Rosengarten<\/a>, <a href=\"https:\/\/de.wikipedia.org\/wiki\/Berninagruppe\" target=\"_blank\" rel=\"noopener noreferrer\">Bernina<\/a>, <a href=\"http:\/\/www.valais.ch\/de\/aktivitaeten\/wandern\/wandern\" target=\"_blank\" rel=\"noopener noreferrer\">Wallis<\/a>, <a href=\"http:\/\/www.strosseggwirt.at\/\" target=\"_blank\" rel=\"noopener noreferrer\">Stro\u00dfeggwirt<\/a>).<\/li>\n<\/ul>\n<ul style=\"text-align: justify;\">\n<li>So um die <b>120 Tage, <\/b>also rund 4 Monate, dauert die Tour (inklusive Ruhetage)<b>. <\/b>Bei etwa <b>100000 H\u00f6henmetern <\/b>im Auf- und Abstieg<b>. (Anmerkung 2017: 108 Tage)<\/b><b><br \/>\n<\/b><\/li>\n<\/ul>\n<ul style=\"text-align: justify;\">\n<li>Die meiste Zeit verbringt man eher weiter oben. Denn die Streckenf\u00fchrung ist fast durchgehend <b>mittel- bis hochalpin<\/b>. Unz\u00e4hlige P\u00e4sse zwischen <b>2500 und 2900 <\/b>Metern warten ab der Ortlergruppe. Einen ersten, <a href=\"http:\/\/www.alta-badia.org\/de\/freizeit-aktiv\/berge-wandern\/auf-den-piz-boe\/\" target=\"_blank\" rel=\"noopener noreferrer\">nicht allzuschweren Dreitausender<\/a> erreicht man am <a href=\"http:\/\/de.sellaronda.com\/freizeit\/trekking-und-bike-touren-rund-um-den-sellastock\" target=\"_blank\" rel=\"noopener noreferrer\">Sellastock<\/a>.<\/li>\n<\/ul>\n<h2>Der Plan &#8230;<\/h2>\n<p>&nbsp;<\/p>\n<h2 style=\"text-align: left;\"><a href=\"https:\/\/www.vergissmi.net\/wp-content\/uploads\/2016\/03\/Wien-Locarno-Monaco.png\" rel=\"attachment wp-att-2764\" rel=\"lightbox[2559]\"><img loading=\"lazy\" decoding=\"async\" class=\"size-medium wp-image-2764 aligncenter\" src=\"https:\/\/www.vergissmi.net\/wp-content\/uploads\/2016\/03\/Wien-Locarno-Monaco-800x547.png\" alt=\"Wien-Locarno-Monaco\" width=\"800\" height=\"547\" srcset=\"https:\/\/www.vergissmi.net\/wp-content\/uploads\/2016\/03\/Wien-Locarno-Monaco-800x547.png 800w, https:\/\/www.vergissmi.net\/wp-content\/uploads\/2016\/03\/Wien-Locarno-Monaco.png 925w\" sizes=\"(max-width: 800px) 100vw, 800px\" \/><\/a><\/h2>\n<h2 style=\"text-align: left;\">&#8230; und die Marksteine &#8230;<\/h2>\n<h2 style=\"text-align: center;\"><\/h2>\n<h2 style=\"text-align: center;\"><strong>Wien<\/strong><\/h2>\n<h4 style=\"text-align: center;\">\u00d6stliche Randgebirge<br \/>\nGrazer Bergland<br \/>\n<strong>Graz<\/strong><br \/>\nLavanttaler Alpen<br \/>\nSteiner Alpen<br \/>\nKarawanken<br \/>\n<strong><span style=\"color: #008000;\">Nationalpark Triglav<\/span><\/strong><br \/>\nKarnische Alpen<br \/>\n<span style=\"color: #333333;\"><strong>Drei Zinnen<\/strong><\/span><br \/>\nDolomiten West<br \/>\n<strong>Meran<\/strong><br \/>\n<strong><span style=\"color: #008000;\">Nationalpark Stelvio<\/span><\/strong><br \/>\n<strong>Locarno &#8211; Lago Maggiore<\/strong><br \/>\nPiemont Nord<br \/>\n<span style=\"color: #008000;\"><strong> Nationalpark Gran Paradiso<br \/>\n<span style=\"color: #000000;\">Rocciamelone<\/span><\/strong><\/span><br \/>\nPiemont S\u00fcd<br \/>\n<span style=\"color: #008000;\"><strong> Nationalpark Mercantour<\/strong><\/span><br \/>\nSeealpen<\/h4>\n<h2 style=\"text-align: center;\"><strong>Monaco<\/strong><\/h2>\n<p>&nbsp;<\/p>\n<p>Klingt gut, nicht?<\/p>\n","protected":false},"excerpt":{"rendered":"<div class=\"tmnf_excerpt\"><div class=\"tmnf_excerpt\"><p>\u00dcber die Sonnenseite der Alpen Gesamtdurchquerung des s\u00fcdlichen Alpenkammes Projektvorstellung vom Fr\u00fchsommer 2016 &nbsp; &nbsp; Worum geht&#8217;s denn da \u00fcberhaupt? Ich schreibe gern \u00fcbers Leben drau\u00dfen. Und bin, wenn es um die heimische Bergwelt geht, auch ziemlich gut informiert. Vor allem die Langstrecken in der &gt;300km-Klasse kenne ich alle pers\u00f6nlich. Dass die Alpen westlich von &hellip;<\/p>\n<\/div><\/div>","protected":false},"author":61,"featured_media":0,"parent":0,"menu_order":0,"comment_status":"closed","ping_status":"closed","template":"","meta":{"_s2mail":"","footnotes":""},"class_list":["post-2559","page","type-page","status-publish","hentry","gallery-content-unit"],"_links":{"self":[{"href":"https:\/\/www.vergissmi.net\/index.php?rest_route=\/wp\/v2\/pages\/2559","targetHints":{"allow":["GET"]}}],"collection":[{"href":"https:\/\/www.vergissmi.net\/index.php?rest_route=\/wp\/v2\/pages"}],"about":[{"href":"https:\/\/www.vergissmi.net\/index.php?rest_route=\/wp\/v2\/types\/page"}],"author":[{"embeddable":true,"href":"https:\/\/www.vergissmi.net\/index.php?rest_route=\/wp\/v2\/users\/61"}],"replies":[{"embeddable":true,"href":"https:\/\/www.vergissmi.net\/index.php?rest_route=%2Fwp%2Fv2%2Fcomments&post=2559"}],"version-history":[{"count":41,"href":"https:\/\/www.vergissmi.net\/index.php?rest_route=\/wp\/v2\/pages\/2559\/revisions"}],"predecessor-version":[{"id":4845,"href":"https:\/\/www.vergissmi.net\/index.php?rest_route=\/wp\/v2\/pages\/2559\/revisions\/4845"}],"wp:attachment":[{"href":"https:\/\/www.vergissmi.net\/index.php?rest_route=%2Fwp%2Fv2%2Fmedia&parent=2559"}],"curies":[{"name":"wp","href":"https:\/\/api.w.org\/{rel}","templated":true}]}}