{"id":504,"date":"2010-04-06T16:29:35","date_gmt":"2010-04-06T14:29:35","guid":{"rendered":"http:\/\/www.vergissmi.net\/?page_id=504"},"modified":"2016-03-09T09:12:43","modified_gmt":"2016-03-09T08:12:43","slug":"was-bisher-geschah","status":"publish","type":"page","link":"https:\/\/www.vergissmi.net\/?page_id=504","title":{"rendered":"WW04 Wien-Salzburg &#8211; Tagesetappen"},"content":{"rendered":"<h2>Kurz\u00fcbersicht<\/h2>\n<p><em><strong>N\u00f6rdliche  Wienerwaldroute:<\/strong> Kahlenberg (484 m) \u2013 Leopoldsberg (425 m) \u2013  Klosterneuburg (192 m) \u2013 Hagen\u00adbachklamm 306\u00a0m) \u2013 Tulbinger Kogel (494  m) \u2013 Rekawinkel (388 m) \u2013 Sch\u00f6pfl (893 m) \u2013 Hegerberg (655 m) \u2013  Wil\u00adhelmsburg (321 m) \u2013 Kaiserkogelh\u00fctte (716 m) \u2013 Plankenstein (674 m) \u2013  Scheibbs (339 m) \u2013 Reinsberg (477 m) \u2013 Gresten (407\u00a0m).\u00a0\u00a0\u00a0 &#8212;<\/em><em> ca. 165 km.<\/em><\/p>\n<p><em><strong>Ybbs-,  Enns-, und Steyrtal: <\/strong>Gresten\u00a0(407 m) \u2013 St.\u00a0Leonhard am Wald (726 m)  \u2013 Waidhofen an der Ybbs (362 m) \u2013 Maria Neustift (613 m) \u2013 Spadenberg  (1000 m) \u2013 Ternberg (341 m) \u2013 Gr\u00fcnburger H\u00fctte (1080 m) \u2013 Frauenstein  (503 m) \u2013 Molln (442 m) \u2013 Klauser See (480 m).\u00a0\u00a0\u00a0 &#8212;-<\/em><em> ca. 100  km. <\/em><\/p>\n<p><em><strong>Vom  Steyrtal in das Salzkammergut und in die Stadt Salzburg:<\/strong> Klauser  See (480 m) \u2013 Almsee (589 m) \u2013 Offensee (655 m) \u2013 Traunsee (447 m) \u2013 <span style=\"color: #ff0000;\"> Feuerkogel (1592 m) \u2013 Rieder H\u00fctte (1752 m) \u2013 Hochleckenhaus (1574 m)<\/span> \u2013  Wei\u00dfenbach am Attersee (479 m) \u2013 <span style=\"color: #ff0000;\">Schafberg (1782 m)<\/span> \u2013 St. Gilgen (545 m)  \u2013 Fuschl am See (675 m) \u2013 Ebenau (623 m) \u2013 Gaisberg (1287 m) \u2013 Salzburg  (438 m).\u00a0\u00a0\u00a0 &#8212;<\/em><em> ca. 140 km.<\/em><\/p>\n<p>(Die Etappen in <span style=\"color: #ff0000;\">Rot <\/span>sind ab Mai begehbar &#8211; alternative Route siehe unten)<em><br \/>\n<\/em><\/p>\n<p><em>.<br \/>\n<\/em><\/p>\n<h2>Die einzelnen Tagesetappen<\/h2>\n<h3>01. April<\/h3>\n<p><a href=\"https:\/\/www.vergissmi.net\/wp-content\/uploads\/2010\/04\/P4010007-Large.jpg\" rel=\"lightbox[504]\"><img fetchpriority=\"high\" decoding=\"async\" class=\"alignnone size-medium wp-image-512\" title=\"Schneebergblick\" src=\"https:\/\/www.vergissmi.net\/wp-content\/uploads\/2010\/04\/P4010007-Large-300x225.jpg\" alt=\"\" width=\"300\" height=\"225\" srcset=\"https:\/\/www.vergissmi.net\/wp-content\/uploads\/2010\/04\/P4010007-Large-300x225.jpg 300w, https:\/\/www.vergissmi.net\/wp-content\/uploads\/2010\/04\/P4010007-Large.jpg 1024w\" sizes=\"(max-width: 300px) 100vw, 300px\" \/><\/a><\/p>\n<p>Kahlenberg &#8211; Leopoldsberg &#8211; Klosterneuburg &#8211; Hadersfeld &#8211; Unterkirchbach<\/p>\n<p>22 km &#8211; sommerlich<\/p>\n<p><span style=\"text-decoration: underline;\">Quartier:<\/span> <a href=\"http:\/\/www.marienhof-wien.com\/\" target=\"_blank\">Hotel Marienhof<\/a><\/p>\n<p>.<\/p>\n<h3>02. April<\/h3>\n<p><a href=\"https:\/\/www.vergissmi.net\/wp-content\/uploads\/2010\/04\/P4020032-Large.jpg\" rel=\"lightbox[504]\"><img decoding=\"async\" class=\"alignnone size-medium wp-image-515\" title=\"Im Norden von Rekawinkel\" src=\"https:\/\/www.vergissmi.net\/wp-content\/uploads\/2010\/04\/P4020032-Large-300x225.jpg\" alt=\"\" width=\"300\" height=\"225\" srcset=\"https:\/\/www.vergissmi.net\/wp-content\/uploads\/2010\/04\/P4020032-Large-300x225.jpg 300w, https:\/\/www.vergissmi.net\/wp-content\/uploads\/2010\/04\/P4020032-Large.jpg 1024w\" sizes=\"(max-width: 300px) 100vw, 300px\" \/><\/a><\/p>\n<p>Unterkirchbach &#8211; Tulbinger Kogel &#8211; Riederberg &#8211; Troppberg &#8211; Heinratsberg &#8211; Rekawinkel<\/p>\n<p>24 km &#8211; sommerlich<\/p>\n<p><span style=\"text-decoration: underline;\">Quartier:<\/span> In Rekawinkel: Keines. Mit S-Bahn 1 Station Richtung Pressbaum: <a href=\"http:\/\/www.urlauburlaub.at\/pension\/68681\/pension-parzer\/wien\/\" target=\"_blank\">Pension Parzer <\/a>(direkt bei Station D\u00fcrrwien)<\/p>\n<p>.<\/p>\n<h3>03. April<\/h3>\n<p><a href=\"https:\/\/www.vergissmi.net\/wp-content\/uploads\/2010\/04\/P4030044-Large.jpg\" rel=\"lightbox[504]\"><img decoding=\"async\" class=\"alignnone size-medium wp-image-516\" title=\"Im westlichen Wienerwald\" src=\"https:\/\/www.vergissmi.net\/wp-content\/uploads\/2010\/04\/P4030044-Large-225x300.jpg\" alt=\"\" width=\"225\" height=\"300\" srcset=\"https:\/\/www.vergissmi.net\/wp-content\/uploads\/2010\/04\/P4030044-Large-225x300.jpg 225w, https:\/\/www.vergissmi.net\/wp-content\/uploads\/2010\/04\/P4030044-Large.jpg 576w\" sizes=\"(max-width: 225px) 100vw, 225px\" \/><\/a><\/p>\n<p>Rekawinkel &#8211; Hochstrass &#8211; Hasenriegel &#8211; Sch\u00f6pfl-Schutzhaus &#8211; Laaben<\/p>\n<p>22 km &#8211; sommerlich<\/p>\n<p><span style=\"text-decoration: underline;\">Quartier:<\/span> Bauernhof in Laaben, 100 m hinter Lindenhof<\/p>\n<p>.<\/p>\n<h3>04. April<\/h3>\n<p><a href=\"https:\/\/www.vergissmi.net\/wp-content\/uploads\/2010\/04\/P4040078-Large.jpg\" rel=\"lightbox[504]\"><img loading=\"lazy\" decoding=\"async\" class=\"alignnone size-medium wp-image-517\" title=\"Am Hegerberg\" src=\"https:\/\/www.vergissmi.net\/wp-content\/uploads\/2010\/04\/P4040078-Large-300x225.jpg\" alt=\"\" width=\"300\" height=\"225\" srcset=\"https:\/\/www.vergissmi.net\/wp-content\/uploads\/2010\/04\/P4040078-Large-300x225.jpg 300w, https:\/\/www.vergissmi.net\/wp-content\/uploads\/2010\/04\/P4040078-Large.jpg 1024w\" sizes=\"(max-width: 300px) 100vw, 300px\" \/><\/a><\/p>\n<p>Laaben &#8211; Hegerberg\/Johann-Enzinger-H\u00fctte &#8211; Fahrafeld<\/p>\n<p>16 km &#8211; sommerlich<\/p>\n<p><span style=\"text-decoration: underline;\">Quartier:<\/span> <a href=\"http:\/\/www.privat-vermieter.at\/%D6sterreich\/Nieder%F6sterreich\/Mostviertel\/Topbetriebe\/322_Gasthof+Geppl\" target=\"_blank\">Gasthof Pension Geppl<\/a><\/p>\n<p>.<\/p>\n<h3>05. April<\/h3>\n<p><a href=\"https:\/\/www.vergissmi.net\/wp-content\/uploads\/2010\/04\/P4050118-Large.jpg\" rel=\"lightbox[504]\"><img loading=\"lazy\" decoding=\"async\" class=\"alignnone size-medium wp-image-518\" title=\"Rudolfsh\u00f6he\" src=\"https:\/\/www.vergissmi.net\/wp-content\/uploads\/2010\/04\/P4050118-Large-300x225.jpg\" alt=\"\" width=\"300\" height=\"225\" srcset=\"https:\/\/www.vergissmi.net\/wp-content\/uploads\/2010\/04\/P4050118-Large-300x225.jpg 300w, https:\/\/www.vergissmi.net\/wp-content\/uploads\/2010\/04\/P4050118-Large.jpg 1024w\" sizes=\"(max-width: 300px) 100vw, 300px\" \/><\/a><\/p>\n<p>Fahrafeld &#8211; Ochsenburger H\u00fctte &#8211; Wilhelmsburg<\/p>\n<p>13 km &#8211; regnerisch<\/p>\n<p>Quartier: <a href=\"http:\/\/www.gasthoffischer.at\/\" target=\"_blank\">Gasthof Fischer<\/a><\/p>\n<p>.<\/p>\n<h3>06. April<\/h3>\n<p><a href=\"https:\/\/www.vergissmi.net\/wp-content\/uploads\/2010\/04\/P4060128-Large.jpg\" rel=\"lightbox[504]\"><img loading=\"lazy\" decoding=\"async\" class=\"alignnone size-medium wp-image-519\" title=\"Yeah!\" src=\"https:\/\/www.vergissmi.net\/wp-content\/uploads\/2010\/04\/P4060128-Large-225x300.jpg\" alt=\"\" width=\"225\" height=\"300\" srcset=\"https:\/\/www.vergissmi.net\/wp-content\/uploads\/2010\/04\/P4060128-Large-225x300.jpg 225w, https:\/\/www.vergissmi.net\/wp-content\/uploads\/2010\/04\/P4060128-Large.jpg 576w\" sizes=\"(max-width: 225px) 100vw, 225px\" \/><\/a><\/p>\n<p>Wilhelmsburg (ganzt\u00e4gige Redaktionsklausur)<\/p>\n<p>0 km &#8211; bew\u00f6lkt<\/p>\n<p>Quartier: <a href=\"http:\/\/www.gasthoffischer.at\/\" target=\"_blank\">Gasthof Fischer<\/a><\/p>\n<p>.<\/p>\n<h3>07. April<\/h3>\n<p><a href=\"https:\/\/www.vergissmi.net\/wp-content\/uploads\/2010\/04\/P4070189-Large.jpg\" rel=\"lightbox[504]\"><img loading=\"lazy\" decoding=\"async\" class=\"alignnone size-medium wp-image-544\" title=\"B\u00e4rlauch-Country\" src=\"https:\/\/www.vergissmi.net\/wp-content\/uploads\/2010\/04\/P4070189-Large-300x225.jpg\" alt=\"\" width=\"300\" height=\"225\" srcset=\"https:\/\/www.vergissmi.net\/wp-content\/uploads\/2010\/04\/P4070189-Large-300x225.jpg 300w, https:\/\/www.vergissmi.net\/wp-content\/uploads\/2010\/04\/P4070189-Large.jpg 1024w\" sizes=\"(max-width: 300px) 100vw, 300px\" \/><\/a><\/p>\n<p>Wilhelmsburg &#8211; Kaiserkogelh\u00fctte &#8211; Rabenstein an der Pielach &#8211; Bramb\u00f6ckkapelle &#8211; GH Luft &#8211; Steinbauer<\/p>\n<p>28 km &#8211; sommerlich<\/p>\n<p>Quartier: <a href=\"http:\/\/members.aon.at\/urlaubambauernhof-koenig\/start.htm\" target=\"_blank\">Bauernhof Steinbauer<\/a><\/p>\n<p>.<\/p>\n<h3>08. April<\/h3>\n<p><a href=\"https:\/\/www.vergissmi.net\/wp-content\/uploads\/2010\/04\/P4080235-Large.jpg\" rel=\"lightbox[504]\"><img loading=\"lazy\" decoding=\"async\" class=\"alignnone size-medium wp-image-576\" title=\"Am Weg zur Gr\u00fcntalkogelh\u00fctte\" src=\"https:\/\/www.vergissmi.net\/wp-content\/uploads\/2010\/04\/P4080235-Large-300x225.jpg\" alt=\"\" width=\"300\" height=\"225\" srcset=\"https:\/\/www.vergissmi.net\/wp-content\/uploads\/2010\/04\/P4080235-Large-300x225.jpg 300w, https:\/\/www.vergissmi.net\/wp-content\/uploads\/2010\/04\/P4080235-Large.jpg 1024w\" sizes=\"(max-width: 300px) 100vw, 300px\" \/><\/a><\/p>\n<p>Steinbauer &#8211; Bichlberg &#8211; Schwabeckkreuz &#8211; Gr\u00fcntalkogelh\u00fctte &#8211; Plankenstein &#8211; Schindlegg &#8211; Rainstein &#8211; Scheibbs<\/p>\n<p>27 km &#8211; sommerlich<\/p>\n<p>Quartier: <a href=\"http:\/\/www.hotel-hofmarcher.at\/\" target=\"_blank\">Gasthof Hotel Hofmarcher<\/a><\/p>\n<p>.<\/p>\n<h3>09. &amp; 10. April<\/h3>\n<p><a href=\"https:\/\/www.vergissmi.net\/wp-content\/uploads\/2010\/04\/scheibbs-Large.jpg\" rel=\"lightbox[504]\"><img loading=\"lazy\" decoding=\"async\" class=\"alignnone size-medium wp-image-647\" title=\"scheibbs (Large)\" src=\"https:\/\/www.vergissmi.net\/wp-content\/uploads\/2010\/04\/scheibbs-Large-300x225.jpg\" alt=\"\" width=\"300\" height=\"225\" srcset=\"https:\/\/www.vergissmi.net\/wp-content\/uploads\/2010\/04\/scheibbs-Large-300x225.jpg 300w, https:\/\/www.vergissmi.net\/wp-content\/uploads\/2010\/04\/scheibbs-Large.jpg 1024w\" sizes=\"(max-width: 300px) 100vw, 300px\" \/><\/a><\/p>\n<p>Scheibbs &#8211; Auf Du und Du mit Land &amp; Leuten<\/p>\n<p>0 km<\/p>\n<p>.<\/p>\n<h3>11. April<\/h3>\n<p><a href=\"https:\/\/www.vergissmi.net\/wp-content\/uploads\/2010\/04\/P4110299-Large.jpg\" rel=\"lightbox[504]\"><img loading=\"lazy\" decoding=\"async\" class=\"alignnone size-medium wp-image-640\" title=\"P4110299 (Large)\" src=\"https:\/\/www.vergissmi.net\/wp-content\/uploads\/2010\/04\/P4110299-Large-300x225.jpg\" alt=\"\" width=\"300\" height=\"225\" srcset=\"https:\/\/www.vergissmi.net\/wp-content\/uploads\/2010\/04\/P4110299-Large-300x225.jpg 300w, https:\/\/www.vergissmi.net\/wp-content\/uploads\/2010\/04\/P4110299-Large.jpg 1024w\" sizes=\"(max-width: 300px) 100vw, 300px\" \/><\/a><\/p>\n<p>Scheibbs -St. Leonhard im Walde<\/p>\n<p>34 km, Regen &amp; Schneefall<\/p>\n<p>Quartier: <a href=\"http:\/\/www.gasthof-ettel.at\" target=\"_blank\">Gasthof Maria Theresia Ettel<\/a><\/p>\n<p>.<\/p>\n<h3>12. April<\/h3>\n<p><a href=\"https:\/\/www.vergissmi.net\/wp-content\/uploads\/2010\/04\/P4120322-Large.jpg\" rel=\"lightbox[504]\"><img loading=\"lazy\" decoding=\"async\" class=\"alignnone size-medium wp-image-641\" title=\"P4120322 (Large)\" src=\"https:\/\/www.vergissmi.net\/wp-content\/uploads\/2010\/04\/P4120322-Large-300x225.jpg\" alt=\"\" width=\"300\" height=\"225\" srcset=\"https:\/\/www.vergissmi.net\/wp-content\/uploads\/2010\/04\/P4120322-Large-300x225.jpg 300w, https:\/\/www.vergissmi.net\/wp-content\/uploads\/2010\/04\/P4120322-Large.jpg 1024w\" sizes=\"(max-width: 300px) 100vw, 300px\" \/><\/a><\/p>\n<p>St. Leonhard im Walde &#8211; Windhag &#8211; Waidhofen\/Ybbs &#8211; Konradsheim &#8211; Maria Neustift<\/p>\n<p>27 km, Wolken &amp; Regen<\/p>\n<p>Quartier: <a href=\"http:\/\/www.maria-neustift.at\/system\/web\/sonderseite.aspx?menuonr=219191345&amp;detailonr=219191345\" target=\"_blank\">G\u00e4stehaus Ahrer<\/a><\/p>\n<p>.<\/p>\n<h3>13. April<\/h3>\n<p><a href=\"https:\/\/www.vergissmi.net\/wp-content\/uploads\/2010\/04\/P4130367-Large.jpg\" rel=\"lightbox[504]\"><img loading=\"lazy\" decoding=\"async\" class=\"alignnone size-medium wp-image-642\" title=\"P4130367 (Large)\" src=\"https:\/\/www.vergissmi.net\/wp-content\/uploads\/2010\/04\/P4130367-Large-300x225.jpg\" alt=\"\" width=\"300\" height=\"225\" srcset=\"https:\/\/www.vergissmi.net\/wp-content\/uploads\/2010\/04\/P4130367-Large-300x225.jpg 300w, https:\/\/www.vergissmi.net\/wp-content\/uploads\/2010\/04\/P4130367-Large.jpg 1024w\" sizes=\"(max-width: 300px) 100vw, 300px\" \/><\/a><\/p>\n<p>Maria Neustift &#8211; Spadenberg &#8211; Plattenberg &#8211; Unterlaussa &#8211; Ternberg<\/p>\n<p>28 km, wolkig &#8211; niederschlagsfrei<\/p>\n<p>Quartier: <a href=\"http:\/\/www.tiscover.at\/at\/guide\/55326at,de,SCH1\/objectId,ACC146561at,curr,EUR,parentId,RGN307042at,season,at1,selectedEntry,acco\/intern.html\" target=\"_blank\">Gasthof Kirchenwirt, Ternberg<\/a><\/p>\n<p>.<\/p>\n<h3>14. April<\/h3>\n<p>Ternberg<\/p>\n<p>0 km<\/p>\n<p>Quartier: <a href=\"http:\/\/www.tiscover.at\/at\/guide\/55326at,de,SCH1\/objectId,ACC146561at,curr,EUR,parentId,RGN307042at,season,at1,selectedEntry,acco\/intern.html\" target=\"_blank\">Gasthof Kirchenwirt, Ternberg<\/a><\/p>\n<p>.<\/p>\n<h3>15. April<\/h3>\n<p><a href=\"https:\/\/www.vergissmi.net\/wp-content\/uploads\/2010\/04\/P4150398-Large.jpg\" rel=\"lightbox[504]\"><img loading=\"lazy\" decoding=\"async\" class=\"alignnone size-medium wp-image-643\" title=\"P4150398 (Large)\" src=\"https:\/\/www.vergissmi.net\/wp-content\/uploads\/2010\/04\/P4150398-Large-300x225.jpg\" alt=\"\" width=\"300\" height=\"225\" srcset=\"https:\/\/www.vergissmi.net\/wp-content\/uploads\/2010\/04\/P4150398-Large-300x225.jpg 300w, https:\/\/www.vergissmi.net\/wp-content\/uploads\/2010\/04\/P4150398-Large.jpg 1024w\" sizes=\"(max-width: 300px) 100vw, 300px\" \/><\/a><\/p>\n<p>Ternberg &#8211; Herndleck &#8211; Gscheid &#8211; Gr\u00fcnburger H\u00fctte &#8211; Dorngraben &#8211; Molln &#8211; G\u00f6ritz &#8211; Frauenstein<\/p>\n<p>27 km, bew\u00f6lkt<\/p>\n<p>Quartier: <a href=\"http:\/\/www.nationalparkregion.com\/index.php?id=845\" target=\"_blank\">Gasthof Federlehner, Frauenstein<\/a><\/p>\n<p>.<\/p>\n<h3>16. April<\/h3>\n<p><a href=\"https:\/\/www.vergissmi.net\/wp-content\/uploads\/2010\/04\/P4150424-Large.jpg\" rel=\"lightbox[504]\"><img loading=\"lazy\" decoding=\"async\" class=\"alignnone size-medium wp-image-644\" title=\"P4150424 (Large)\" src=\"https:\/\/www.vergissmi.net\/wp-content\/uploads\/2010\/04\/P4150424-Large-300x225.jpg\" alt=\"\" width=\"300\" height=\"225\" srcset=\"https:\/\/www.vergissmi.net\/wp-content\/uploads\/2010\/04\/P4150424-Large-300x225.jpg 300w, https:\/\/www.vergissmi.net\/wp-content\/uploads\/2010\/04\/P4150424-Large.jpg 1024w\" sizes=\"(max-width: 300px) 100vw, 300px\" \/><\/a><\/p>\n<p>Frauenstein &#8211; Klauser See &#8211; Steyrling &#8211; Ring &#8211; Almtaler Haus &#8211; Habernau\/Jagersimmerl<\/p>\n<p>34 km, bew\u00f6lkt<\/p>\n<p>Quartier: <a href=\"http:\/\/www.jagersimmerl.at\/\" target=\"_blank\">Gasthof Jagersimmerl<\/a><\/p>\n<p>.<\/p>\n<h3>17. April<\/h3>\n<p><a href=\"https:\/\/www.vergissmi.net\/wp-content\/uploads\/2010\/04\/P4170483-Large.jpg\" rel=\"lightbox[504]\"><img loading=\"lazy\" decoding=\"async\" class=\"alignnone size-medium wp-image-646\" title=\"Offensee\" src=\"https:\/\/www.vergissmi.net\/wp-content\/uploads\/2010\/04\/P4170483-Large-300x225.jpg\" alt=\"\" width=\"300\" height=\"225\" srcset=\"https:\/\/www.vergissmi.net\/wp-content\/uploads\/2010\/04\/P4170483-Large-300x225.jpg 300w, https:\/\/www.vergissmi.net\/wp-content\/uploads\/2010\/04\/P4170483-Large.jpg 1024w\" sizes=\"(max-width: 300px) 100vw, 300px\" \/><\/a><\/p>\n<p>Habernau\/Jagersimmerl &#8211; Almsee &#8211; Hochpfad &#8211; Offensee &#8211; Forsthaus Fahrnau &#8211; Rindbach &#8211; Ebensee<\/p>\n<p>32 km, sonnig<\/p>\n<p>Quartier: <a href=\"http:\/\/www.hotel-post-ebensee.at\/en\/parkhotel.html\" target=\"_blank\">Landhotel Post, Ebensee<\/a><\/p>\n<p>.<\/p>\n<h3>18. April<\/h3>\n<p><a href=\"https:\/\/www.vergissmi.net\/wp-content\/uploads\/2010\/04\/P4160456-Large.jpg\" rel=\"lightbox[504]\"><img loading=\"lazy\" decoding=\"async\" class=\"alignnone size-medium wp-image-770\" title=\"P4160456 (Large)\" src=\"https:\/\/www.vergissmi.net\/wp-content\/uploads\/2010\/04\/P4160456-Large-300x225.jpg\" alt=\"\" width=\"300\" height=\"225\" srcset=\"https:\/\/www.vergissmi.net\/wp-content\/uploads\/2010\/04\/P4160456-Large-300x225.jpg 300w, https:\/\/www.vergissmi.net\/wp-content\/uploads\/2010\/04\/P4160456-Large.jpg 1024w\" sizes=\"(max-width: 300px) 100vw, 300px\" \/><\/a><\/p>\n<p>Ebensee<\/p>\n<p>0 km, sonnig<\/p>\n<p>Quartier: <a href=\"http:\/\/www.hotel-post-ebensee.at\/en\/parkhotel.html\" target=\"_blank\">Landhotel Post, Ebensee<\/a><\/p>\n<p>.<\/p>\n<h3>19. April<\/h3>\n<p><a href=\"https:\/\/www.vergissmi.net\/wp-content\/uploads\/2010\/04\/P4190539-Large.jpg\" rel=\"lightbox[504]\"><img loading=\"lazy\" decoding=\"async\" class=\"alignnone size-medium wp-image-775\" title=\"P4190539 (Large)\" src=\"https:\/\/www.vergissmi.net\/wp-content\/uploads\/2010\/04\/P4190539-Large-300x225.jpg\" alt=\"\" width=\"300\" height=\"225\" srcset=\"https:\/\/www.vergissmi.net\/wp-content\/uploads\/2010\/04\/P4190539-Large-300x225.jpg 300w, https:\/\/www.vergissmi.net\/wp-content\/uploads\/2010\/04\/P4190539-Large.jpg 1024w\" sizes=\"(max-width: 300px) 100vw, 300px\" \/><\/a><\/p>\n<p>Ebensee &#8211; Langbathseen &#8211; Taferlklause(e) &#8211; Steinbach\/Attersee &#8211; Wei\u00dfenbach\/Attersee<\/p>\n<p>30 km, sonnig<\/p>\n<p>Quartier: <a href=\"http:\/\/www.nixe.at\/\" target=\"_blank\">Zur Nixe, Wei\u00dfenbach am Attersee<\/a><\/p>\n<p>.<\/p>\n<h3>20. April<\/h3>\n<p><a href=\"https:\/\/www.vergissmi.net\/wp-content\/uploads\/2010\/04\/P4190525-Large.jpg\" rel=\"lightbox[504]\"><img loading=\"lazy\" decoding=\"async\" class=\"alignnone size-medium wp-image-774\" title=\"P4190525 (Large)\" src=\"https:\/\/www.vergissmi.net\/wp-content\/uploads\/2010\/04\/P4190525-Large-300x225.jpg\" alt=\"\" width=\"300\" height=\"225\" srcset=\"https:\/\/www.vergissmi.net\/wp-content\/uploads\/2010\/04\/P4190525-Large-300x225.jpg 300w, https:\/\/www.vergissmi.net\/wp-content\/uploads\/2010\/04\/P4190525-Large.jpg 1024w\" sizes=\"(max-width: 300px) 100vw, 300px\" \/><\/a><\/p>\n<p>Wei\u00dfenbach\/Attersee &#8211; Schwarzensee &#8211; St. Wolfgang<\/p>\n<p>16 km, sonnig<\/p>\n<p>Quartier: <a href=\"http:\/\/www.apparthotel-stwolfgang.at\/apphotel.php\" target=\"_blank\">Apparthotel St. Wolfgang<\/a><\/p>\n<p>.<\/p>\n<h3>21. April<\/h3>\n<p><a href=\"https:\/\/www.vergissmi.net\/wp-content\/uploads\/2010\/04\/P4210549-Large.jpg\" rel=\"lightbox[504]\"><img loading=\"lazy\" decoding=\"async\" class=\"alignnone size-medium wp-image-776\" title=\"P4210549 (Large)\" src=\"https:\/\/www.vergissmi.net\/wp-content\/uploads\/2010\/04\/P4210549-Large-300x225.jpg\" alt=\"\" width=\"300\" height=\"225\" srcset=\"https:\/\/www.vergissmi.net\/wp-content\/uploads\/2010\/04\/P4210549-Large-300x225.jpg 300w, https:\/\/www.vergissmi.net\/wp-content\/uploads\/2010\/04\/P4210549-Large.jpg 1024w\" sizes=\"(max-width: 300px) 100vw, 300px\" \/><\/a><\/p>\n<p>St. Wolfgang &#8211; St. Gilgen &#8211; Fuschl\/See &#8211; Filblingsee &#8211; Faistenau<\/p>\n<p>27 km, sonnig<\/p>\n<p>Quartier: <a href=\"http:\/\/www.botenwirt-faistenau.at\/\" target=\"_blank\">Botenwirt, Faistenau<\/a><\/p>\n<p>.<\/p>\n<h3>22. April<\/h3>\n<p><a href=\"https:\/\/www.vergissmi.net\/wp-content\/uploads\/2010\/04\/P4230019-Large.jpg\" rel=\"lightbox[504]\"><img loading=\"lazy\" decoding=\"async\" class=\"alignnone size-medium wp-image-779\" title=\"P4230019 (Large)\" src=\"https:\/\/www.vergissmi.net\/wp-content\/uploads\/2010\/04\/P4230019-Large-300x225.jpg\" alt=\"\" width=\"300\" height=\"225\" srcset=\"https:\/\/www.vergissmi.net\/wp-content\/uploads\/2010\/04\/P4230019-Large-300x225.jpg 300w, https:\/\/www.vergissmi.net\/wp-content\/uploads\/2010\/04\/P4230019-Large.jpg 1024w\" sizes=\"(max-width: 300px) 100vw, 300px\" \/><\/a><\/p>\n<p>Faistenau &#8211; Elmau &#8211; Gaisbergspitze &#8211; Salzburg Stadt<\/p>\n<p>28 km, sonnig<\/p>\n<p>Quartier: <a href=\"http:\/\/www.auerhahn-salzburg.at\/\" target=\"_blank\">Gasthof Auerhahn, Salzburg<\/a><\/p>\n<p>.<\/p>\n<h3>23. April (Bonusetappe)<\/h3>\n<p><a href=\"https:\/\/www.vergissmi.net\/wp-content\/uploads\/2010\/04\/grenzgaenger.jpg\" rel=\"lightbox[504]\"><img loading=\"lazy\" decoding=\"async\" class=\"alignnone size-medium wp-image-798\" title=\"grenzgaenger\" src=\"https:\/\/www.vergissmi.net\/wp-content\/uploads\/2010\/04\/grenzgaenger-300x225.jpg\" alt=\"\" width=\"300\" height=\"225\" srcset=\"https:\/\/www.vergissmi.net\/wp-content\/uploads\/2010\/04\/grenzgaenger-300x225.jpg 300w, https:\/\/www.vergissmi.net\/wp-content\/uploads\/2010\/04\/grenzgaenger.jpg 1024w\" sizes=\"(max-width: 300px) 100vw, 300px\" \/><\/a><\/p>\n<p>Salzburg &#8211; F\u00fcrstenbrunn &#8211; Gro\u00dfgmain &#8211; Bayrisch Gmain &#8211; Bad Reichenhall<\/p>\n<p>22 km, sonnig<\/p>\n<p>Quartier: <a href=\"http:\/\/www.auerhahn-salzburg.at\/\" target=\"_blank\">Gasthof Auerhahn, Salzburg<\/a><\/p>\n","protected":false},"excerpt":{"rendered":"<div class=\"tmnf_excerpt\"><div class=\"tmnf_excerpt\"><p>Kurz\u00fcbersicht N\u00f6rdliche Wienerwaldroute: Kahlenberg (484 m) \u2013 Leopoldsberg (425 m) \u2013 Klosterneuburg (192 m) \u2013 Hagen\u00adbachklamm 306\u00a0m) \u2013 Tulbinger Kogel (494 m) \u2013 Rekawinkel (388 m) \u2013 Sch\u00f6pfl (893 m) \u2013 Hegerberg (655 m) \u2013 Wil\u00adhelmsburg (321 m) \u2013 Kaiserkogelh\u00fctte (716 m) \u2013 Plankenstein (674 m) \u2013 Scheibbs (339 m) \u2013 Reinsberg (477 m) \u2013 &hellip;<\/p>\n<\/div><\/div>","protected":false},"author":61,"featured_media":0,"parent":531,"menu_order":20,"comment_status":"open","ping_status":"open","template":"","meta":{"_s2mail":"","footnotes":""},"class_list":["post-504","page","type-page","status-publish","hentry","gallery-content-unit"],"_links":{"self":[{"href":"https:\/\/www.vergissmi.net\/index.php?rest_route=\/wp\/v2\/pages\/504","targetHints":{"allow":["GET"]}}],"collection":[{"href":"https:\/\/www.vergissmi.net\/index.php?rest_route=\/wp\/v2\/pages"}],"about":[{"href":"https:\/\/www.vergissmi.net\/index.php?rest_route=\/wp\/v2\/types\/page"}],"author":[{"embeddable":true,"href":"https:\/\/www.vergissmi.net\/index.php?rest_route=\/wp\/v2\/users\/61"}],"replies":[{"embeddable":true,"href":"https:\/\/www.vergissmi.net\/index.php?rest_route=%2Fwp%2Fv2%2Fcomments&post=504"}],"version-history":[{"count":32,"href":"https:\/\/www.vergissmi.net\/index.php?rest_route=\/wp\/v2\/pages\/504\/revisions"}],"predecessor-version":[{"id":2599,"href":"https:\/\/www.vergissmi.net\/index.php?rest_route=\/wp\/v2\/pages\/504\/revisions\/2599"}],"up":[{"embeddable":true,"href":"https:\/\/www.vergissmi.net\/index.php?rest_route=\/wp\/v2\/pages\/531"}],"wp:attachment":[{"href":"https:\/\/www.vergissmi.net\/index.php?rest_route=%2Fwp%2Fv2%2Fmedia&parent=504"}],"curies":[{"name":"wp","href":"https:\/\/api.w.org\/{rel}","templated":true}]}}