{"id":94,"date":"2010-02-18T17:57:04","date_gmt":"2010-02-18T16:57:04","guid":{"rendered":"http:\/\/www.vergissmi.net\/?page_id=94"},"modified":"2023-11-04T20:08:18","modified_gmt":"2023-11-04T19:08:18","slug":"packliste","status":"publish","type":"page","link":"https:\/\/www.vergissmi.net\/?page_id=94","title":{"rendered":"Packliste"},"content":{"rendered":"\n<figure class=\"wp-block-pullquote\"><blockquote><p>Mein XLS unten z\u00e4hlt automatisch das Gewicht aller Ausr\u00fcstungsgegenst\u00e4nde, die mit einem Kreuz markiert werden (<strong>und nur die!<\/strong>), zusammen.<br>Und es berechnet das Gewicht am K\u00f6rper und jenes im Rucksack getrennt.<\/p><\/blockquote><\/figure>\n\n\n\n<h4 class=\"wp-block-heading\">&#8211;&gt; Am besten selber anschauen: &lt;<a rel=\"noreferrer noopener\" href=\"https:\/\/docs.google.com\/spreadsheets\/d\/1XAnHfzgAlXqW6G2YEtDqDs2jnORpw14MajAHllGjvNo\/edit#gid=3\" target=\"_blank\">Link zu meiner Packliste<\/a>&gt;<\/h4>\n\n\n\n<p>(wer m\u00f6chte, kann das XLS gerne haben und selbst verwenden &#8211; unter &#8220;Datei &#8211; Herunterladen&#8221; kann man aus einigen Dateiformaten w\u00e4hlen &#8211; bei &#8220;Excel&#8221; bleiben die Formeln erhalten. <\/p>\n","protected":false},"excerpt":{"rendered":"<div class=\"tmnf_excerpt\"><div class=\"tmnf_excerpt\"><p>Mein XLS unten z\u00e4hlt automatisch das Gewicht aller Ausr\u00fcstungsgegenst\u00e4nde, die mit einem Kreuz markiert werden (und nur die!), zusammen.Und es berechnet das Gewicht am K\u00f6rper und jenes im Rucksack getrennt. &#8211;&gt; Am besten selber anschauen: &lt;Link zu meiner Packliste&gt; (wer m\u00f6chte, kann das XLS gerne haben und selbst verwenden &#8211; unter &#8220;Datei &#8211; Herunterladen&#8221; kann &hellip;<\/p>\n<\/div><\/div>","protected":false},"author":61,"featured_media":0,"parent":0,"menu_order":0,"comment_status":"open","ping_status":"open","template":"","meta":{"_s2mail":"no","footnotes":""},"class_list":["post-94","page","type-page","status-publish","hentry","gallery-content-unit"],"_links":{"self":[{"href":"https:\/\/www.vergissmi.net\/index.php?rest_route=\/wp\/v2\/pages\/94","targetHints":{"allow":["GET"]}}],"collection":[{"href":"https:\/\/www.vergissmi.net\/index.php?rest_route=\/wp\/v2\/pages"}],"about":[{"href":"https:\/\/www.vergissmi.net\/index.php?rest_route=\/wp\/v2\/types\/page"}],"author":[{"embeddable":true,"href":"https:\/\/www.vergissmi.net\/index.php?rest_route=\/wp\/v2\/users\/61"}],"replies":[{"embeddable":true,"href":"https:\/\/www.vergissmi.net\/index.php?rest_route=%2Fwp%2Fv2%2Fcomments&post=94"}],"version-history":[{"count":16,"href":"https:\/\/www.vergissmi.net\/index.php?rest_route=\/wp\/v2\/pages\/94\/revisions"}],"predecessor-version":[{"id":14361,"href":"https:\/\/www.vergissmi.net\/index.php?rest_route=\/wp\/v2\/pages\/94\/revisions\/14361"}],"wp:attachment":[{"href":"https:\/\/www.vergissmi.net\/index.php?rest_route=%2Fwp%2Fv2%2Fmedia&parent=94"}],"curies":[{"name":"wp","href":"https:\/\/api.w.org\/{rel}","templated":true}]}}